{"id":11068,"date":"2021-10-06T16:26:52","date_gmt":"2021-10-06T14:26:52","guid":{"rendered":"https:\/\/briccaravaning.com\/reparacions\/reparacio-i-modificacio-dinteriors\/"},"modified":"2023-11-20T11:08:33","modified_gmt":"2023-11-20T10:08:33","slug":"reparacion-y-modificacion-de-interiores","status":"publish","type":"page","link":"https:\/\/briccaravaning.com\/es\/reparaciones\/reparacion-y-modificacion-de-interiores\/","title":{"rendered":"Reparaci\u00f3n y modificaci\u00f3n de interiores"},"content":{"rendered":"<section class=\"wpb-content-wrapper\"><div class=\"vc_row wpb_row vc_row-fluid vc_row-o-content-middle vc_row-flex\"><div class=\"wpb_column vc_column_container vc_col-sm-6\"><div class=\"vc_column-inner\"><div class=\"wpb_wrapper\">\n\t<div  class=\"wpb_single_image wpb_content_element vc_align_\">\n\t\t\n\t\t<figure class=\"wpb_wrapper vc_figure\">\n\t\t\t<div class=\"vc_single_image-wrapper   vc_box_border_grey\"><img width=\"1024\" height=\"682\" src=\"https:\/\/briccaravaning.com\/wp-content\/uploads\/2021\/10\/mobiliari2.jpg\" class=\"vc_single_image-img attachment-full\" alt=\"\" decoding=\"async\" title=\"mobiliari2\" loading=\"lazy\" srcset=\"https:\/\/briccaravaning.com\/wp-content\/uploads\/2021\/10\/mobiliari2.jpg 1024w, https:\/\/briccaravaning.com\/wp-content\/uploads\/2021\/10\/mobiliari2-300x200.jpg 300w, https:\/\/briccaravaning.com\/wp-content\/uploads\/2021\/10\/mobiliari2-768x512.jpg 768w\" sizes=\"(max-width: 1024px) 100vw, 1024px\" \/><\/div>\n\t\t<\/figure>\n\t<\/div>\n<\/div><\/div><\/div><div class=\"wpb_column vc_column_container vc_col-sm-6\"><div class=\"vc_column-inner\"><div class=\"wpb_wrapper\">\n\t<div class=\"wpb_text_column wpb_content_element \" >\n\t\t<div class=\"wpb_wrapper\">\n\t\t\t<h2>Reparaci\u00f3n y modificaci\u00f3n de interiores<\/h2>\n<p>Camperizaciones y modificaciones de mobiliario<\/p>\n\n\t\t<\/div>\n\t<\/div>\n<div class=\"vc_empty_space\"   style=\"height: 20px\"><span class=\"vc_empty_space_inner\"><\/span><\/div><\/div><\/div><\/div><\/div><div class=\"vc_row wpb_row vc_row-fluid\"><div class=\"wpb_column vc_column_container vc_col-sm-12\"><div class=\"vc_column-inner\"><div class=\"wpb_wrapper\">\n\t<div class=\"wpb_text_column wpb_content_element \" >\n\t\t<div class=\"wpb_wrapper\">\n\t\t\t<h3 style=\"text-align: center;\">Galeria de im\u00e1genes<\/h3>\n\n\t\t<\/div>\n\t<\/div>\n<\/div><\/div><\/div><\/div><div id=\"ubicacio\" class=\"vc_row wpb_row vc_row-fluid\"><div class=\"wpb_column vc_column_container vc_col-sm-12\"><div class=\"vc_column-inner\"><div class=\"wpb_wrapper\"><div id=\"ts-vcsc-image-gallery-9119717\" class=\"ts-image-gallery-wrapper ts-kraut-lightbox-frame   \" data-style=\"grid\" data-break-parents=\"6\" data-inline=\"false\" style=\"margin-top: 0px; margin-bottom: 0px; position: relative;\"><div id=\"ts-vcsc-image-gallery-9119717-grid\" class=\"ts-lightbox-gallery-grid\"><a style=\"width: 20%; height: 100%; display: inline-block; margin: 0; padding: 0;; display: none;\" id=\"krautgroup9119717-0\" href=\"https:\/\/briccaravaning.com\/wp-content\/uploads\/2021\/10\/mobiliari7.jpg\" target=\"_blank\" data-preview=\"https:\/\/briccaravaning.com\/wp-content\/uploads\/2021\/10\/mobiliari7-224x300.jpg\" data-thumbnail=\"https:\/\/briccaravaning.com\/wp-content\/uploads\/2021\/10\/mobiliari7-224x300.jpg\" data-include=\"true\" data-hover=\"\" data-alt=\"\" data-title=\"\" data-groups=\"\" class=\"kraut-lightbox-media no-ajaxy ts-hover-image krautgroup9119717 nofancybox\" rel=\"krautgroup9119717\" data-effect=\"random\" data-nohashes=\"true\" data-usecors=\"global\" data-save=\"0\" data-share=\"0\" data-no-lazy=\"1\">#1<\/a><a style=\"width: 20%; height: 100%; display: inline-block; margin: 0; padding: 0;; display: none;\" id=\"krautgroup9119717-1\" href=\"https:\/\/briccaravaning.com\/wp-content\/uploads\/2021\/10\/mobiliari6.jpg\" target=\"_blank\" data-preview=\"https:\/\/briccaravaning.com\/wp-content\/uploads\/2021\/10\/mobiliari6-224x300.jpg\" data-thumbnail=\"https:\/\/briccaravaning.com\/wp-content\/uploads\/2021\/10\/mobiliari6-224x300.jpg\" data-include=\"true\" data-hover=\"\" data-alt=\"\" data-title=\"\" data-groups=\"\" class=\"kraut-lightbox-media no-ajaxy ts-hover-image krautgroup9119717 nofancybox\" rel=\"krautgroup9119717\" data-effect=\"random\" data-nohashes=\"true\" data-usecors=\"global\" data-save=\"0\" data-share=\"0\" data-no-lazy=\"1\">#2<\/a><a style=\"width: 20%; height: 100%; display: inline-block; margin: 0; padding: 0;; display: none;\" id=\"krautgroup9119717-2\" href=\"https:\/\/briccaravaning.com\/wp-content\/uploads\/2021\/10\/mobiliari5.jpg\" target=\"_blank\" data-preview=\"https:\/\/briccaravaning.com\/wp-content\/uploads\/2021\/10\/mobiliari5-300x225.jpg\" data-thumbnail=\"https:\/\/briccaravaning.com\/wp-content\/uploads\/2021\/10\/mobiliari5-300x225.jpg\" data-include=\"true\" data-hover=\"\" data-alt=\"\" data-title=\"\" data-groups=\"\" class=\"kraut-lightbox-media no-ajaxy ts-hover-image krautgroup9119717 nofancybox\" rel=\"krautgroup9119717\" data-effect=\"random\" data-nohashes=\"true\" data-usecors=\"global\" data-save=\"0\" data-share=\"0\" data-no-lazy=\"1\">#3<\/a><a style=\"width: 20%; height: 100%; display: inline-block; margin: 0; padding: 0;; display: none;\" id=\"krautgroup9119717-3\" href=\"https:\/\/briccaravaning.com\/wp-content\/uploads\/2021\/10\/mobiliari4.jpg\" target=\"_blank\" data-preview=\"https:\/\/briccaravaning.com\/wp-content\/uploads\/2021\/10\/mobiliari4-300x139.jpg\" data-thumbnail=\"https:\/\/briccaravaning.com\/wp-content\/uploads\/2021\/10\/mobiliari4-300x139.jpg\" data-include=\"true\" data-hover=\"\" data-alt=\"\" data-title=\"\" data-groups=\"\" class=\"kraut-lightbox-media no-ajaxy ts-hover-image krautgroup9119717 nofancybox\" rel=\"krautgroup9119717\" data-effect=\"random\" data-nohashes=\"true\" data-usecors=\"global\" data-save=\"0\" data-share=\"0\" data-no-lazy=\"1\">#4<\/a><a style=\"width: 20%; height: 100%; display: inline-block; margin: 0; padding: 0;; display: none;\" id=\"krautgroup9119717-4\" href=\"https:\/\/briccaravaning.com\/wp-content\/uploads\/2021\/10\/mobiliari3.jpg\" target=\"_blank\" data-preview=\"https:\/\/briccaravaning.com\/wp-content\/uploads\/2021\/10\/mobiliari3-300x224.jpg\" data-thumbnail=\"https:\/\/briccaravaning.com\/wp-content\/uploads\/2021\/10\/mobiliari3-300x224.jpg\" data-include=\"true\" data-hover=\"\" data-alt=\"\" data-title=\"\" data-groups=\"\" class=\"kraut-lightbox-media no-ajaxy ts-hover-image krautgroup9119717 nofancybox\" rel=\"krautgroup9119717\" data-effect=\"random\" data-nohashes=\"true\" data-usecors=\"global\" data-save=\"0\" data-share=\"0\" data-no-lazy=\"1\">#5<\/a><a style=\"width: 20%; height: 100%; display: inline-block; margin: 0; padding: 0;; display: none;\" id=\"krautgroup9119717-5\" href=\"https:\/\/briccaravaning.com\/wp-content\/uploads\/2021\/10\/mobiliari2-1.jpg\" target=\"_blank\" data-preview=\"https:\/\/briccaravaning.com\/wp-content\/uploads\/2021\/10\/mobiliari2-1-300x200.jpg\" data-thumbnail=\"https:\/\/briccaravaning.com\/wp-content\/uploads\/2021\/10\/mobiliari2-1-300x200.jpg\" data-include=\"true\" data-hover=\"\" data-alt=\"\" data-title=\"\" data-groups=\"\" class=\"kraut-lightbox-media no-ajaxy ts-hover-image krautgroup9119717 nofancybox\" rel=\"krautgroup9119717\" data-effect=\"random\" data-nohashes=\"true\" data-usecors=\"global\" data-save=\"0\" data-share=\"0\" data-no-lazy=\"1\">#6<\/a><a style=\"width: 20%; height: 100%; display: inline-block; margin: 0; padding: 0;; display: none;\" id=\"krautgroup9119717-6\" href=\"https:\/\/briccaravaning.com\/wp-content\/uploads\/2021\/10\/mobiliari1.jpg\" target=\"_blank\" data-preview=\"https:\/\/briccaravaning.com\/wp-content\/uploads\/2021\/10\/mobiliari1-300x139.jpg\" data-thumbnail=\"https:\/\/briccaravaning.com\/wp-content\/uploads\/2021\/10\/mobiliari1-300x139.jpg\" data-random=\"9119717\" data-include=\"true\" data-hover=\"\" data-alt=\"\" data-title=\"\" data-groups=\"\" class=\"kraut-lightbox-media no-ajaxy ts-hover-image krautgroup9119717 nofancybox\" rel=\"krautgroup9119717\" data-effect=\"random\" data-usecors=\"global\" data-save=\"0\" data-share=\"0\" data-play=\"1\" data-autoplay=\"0\" data-duration=\"5000\" data-thumbsize=\"100\" data-thumbs=\"bottom\"  data-nohashes=\"true\" data-captions=\"true\" data-grid=\"240,480,720,960\" data-gridpreloader=\"false\" data-gridspace=\"2\" data-gridorder=\"false\" data-gridfilter=\"true\" data-gridavailable=\"Available Groups\" data-gridselected=\"Filtered Groups\" data-gridnogroups=\"No Groups\" data-gridtoggle=\"Toggle Filter\" data-gridtogglestyle=\"ts-color-button-belize-hole-flat\" data-gridshowall=\"Show All\" data-gridshowallstyle=\"ts-color-button-green-sea-flat\" data-no-lazy=\"1\">#7<\/a><\/div><\/div><\/div><\/div><\/div><\/div>\n<\/section>","protected":false},"excerpt":{"rendered":"Reparaci\u00f3n y modificaci\u00f3n de interiores Camperizaciones y modificaciones de mobiliario Galeria de im\u00e1genes #1#2#3#4#5#6#7","protected":false},"author":4,"featured_media":10838,"parent":11064,"menu_order":0,"comment_status":"closed","ping_status":"closed","template":"","meta":{"footnotes":"","_joinchat":[]},"yoast_head":"<!-- This site is optimized with the Yoast SEO plugin v21.4 - https:\/\/yoast.com\/wordpress\/plugins\/seo\/ -->\n<title>Reparaci\u00f3n y modificaci\u00f3n de interiores - Briccaravaning<\/title>\n<meta name=\"description\" content=\"Reparaci\u00f3n y alquiler de caravanas, autocaravanas, motorhomes. Matar\u00f3, Barcelona, Catalu\u00f1a. Fibra de vidrio, gas, electricidad, electr\u00f3nica.\" \/>\n<meta name=\"robots\" content=\"index, follow, max-snippet:-1, max-image-preview:large, max-video-preview:-1\" \/>\n<link rel=\"canonical\" href=\"https:\/\/briccaravaning.com\/es\/reparaciones\/reparacion-y-modificacion-de-interiores\/\" \/>\n<meta property=\"og:locale\" content=\"es_ES\" \/>\n<meta property=\"og:type\" content=\"article\" \/>\n<meta property=\"og:title\" content=\"Reparaci\u00f3n y modificaci\u00f3n de interiores - Briccaravaning\" \/>\n<meta property=\"og:description\" content=\"Reparaci\u00f3n y alquiler de caravanas, autocaravanas, motorhomes. Matar\u00f3, Barcelona, Catalu\u00f1a. Fibra de vidrio, gas, electricidad, electr\u00f3nica.\" \/>\n<meta property=\"og:url\" content=\"https:\/\/briccaravaning.com\/es\/reparaciones\/reparacion-y-modificacion-de-interiores\/\" \/>\n<meta property=\"og:site_name\" content=\"Briccaravaning\" \/>\n<meta property=\"article:modified_time\" content=\"2023-11-20T10:08:33+00:00\" \/>\n<meta property=\"og:image\" content=\"https:\/\/briccaravaning.com\/wp-content\/uploads\/2020\/01\/shutterstock_151441457.jpg\" \/>\n\t<meta property=\"og:image:width\" content=\"1024\" \/>\n\t<meta property=\"og:image:height\" content=\"807\" \/>\n\t<meta property=\"og:image:type\" content=\"image\/jpeg\" \/>\n<meta name=\"twitter:card\" content=\"summary_large_image\" \/>\n<meta name=\"twitter:label1\" content=\"Tiempo de lectura\" \/>\n\t<meta name=\"twitter:data1\" content=\"1 minuto\" \/>\n<script type=\"application\/ld+json\" class=\"yoast-schema-graph\">{\"@context\":\"https:\/\/schema.org\",\"@graph\":[{\"@type\":\"WebPage\",\"@id\":\"https:\/\/briccaravaning.com\/es\/reparaciones\/reparacion-y-modificacion-de-interiores\/\",\"url\":\"https:\/\/briccaravaning.com\/es\/reparaciones\/reparacion-y-modificacion-de-interiores\/\",\"name\":\"Reparaci\u00f3n y modificaci\u00f3n de interiores - Briccaravaning\",\"isPartOf\":{\"@id\":\"https:\/\/briccaravaning.com\/#website\"},\"datePublished\":\"2021-10-06T14:26:52+00:00\",\"dateModified\":\"2023-11-20T10:08:33+00:00\",\"description\":\"Reparaci\u00f3n y alquiler de caravanas, autocaravanas, motorhomes. Matar\u00f3, Barcelona, Catalu\u00f1a. Fibra de vidrio, gas, electricidad, electr\u00f3nica.\",\"breadcrumb\":{\"@id\":\"https:\/\/briccaravaning.com\/es\/reparaciones\/reparacion-y-modificacion-de-interiores\/#breadcrumb\"},\"inLanguage\":\"es\",\"potentialAction\":[{\"@type\":\"ReadAction\",\"target\":[\"https:\/\/briccaravaning.com\/es\/reparaciones\/reparacion-y-modificacion-de-interiores\/\"]}]},{\"@type\":\"BreadcrumbList\",\"@id\":\"https:\/\/briccaravaning.com\/es\/reparaciones\/reparacion-y-modificacion-de-interiores\/#breadcrumb\",\"itemListElement\":[{\"@type\":\"ListItem\",\"position\":1,\"name\":\"Home\",\"item\":\"https:\/\/briccaravaning.com\/es\/\"},{\"@type\":\"ListItem\",\"position\":2,\"name\":\"Reparaciones\",\"item\":\"https:\/\/briccaravaning.com\/es\/reparaciones\/\"},{\"@type\":\"ListItem\",\"position\":3,\"name\":\"Reparaci\u00f3n y modificaci\u00f3n de interiores\"}]},{\"@type\":\"WebSite\",\"@id\":\"https:\/\/briccaravaning.com\/#website\",\"url\":\"https:\/\/briccaravaning.com\/\",\"name\":\"Briccaravaning\",\"description\":\"Serveis de reparaci\u00f3 de caravanes, autocaravanes i motorhomes a Matar\u00f3 i Catalunya\",\"publisher\":{\"@id\":\"https:\/\/briccaravaning.com\/#organization\"},\"potentialAction\":[{\"@type\":\"SearchAction\",\"target\":{\"@type\":\"EntryPoint\",\"urlTemplate\":\"https:\/\/briccaravaning.com\/?s={search_term_string}\"},\"query-input\":\"required name=search_term_string\"}],\"inLanguage\":\"es\"},{\"@type\":\"Organization\",\"@id\":\"https:\/\/briccaravaning.com\/#organization\",\"name\":\"Bric Caravaning\",\"url\":\"https:\/\/briccaravaning.com\/\",\"logo\":{\"@type\":\"ImageObject\",\"inLanguage\":\"es\",\"@id\":\"https:\/\/briccaravaning.com\/#\/schema\/logo\/image\/\",\"url\":\"https:\/\/briccaravaning.com\/wp-content\/uploads\/2021\/10\/ms-icon-310x310-1.png\",\"contentUrl\":\"https:\/\/briccaravaning.com\/wp-content\/uploads\/2021\/10\/ms-icon-310x310-1.png\",\"width\":310,\"height\":310,\"caption\":\"Bric Caravaning\"},\"image\":{\"@id\":\"https:\/\/briccaravaning.com\/#\/schema\/logo\/image\/\"}}]}<\/script>\n<!-- \/ Yoast SEO plugin. -->","yoast_head_json":{"title":"Reparaci\u00f3n y modificaci\u00f3n de interiores - Briccaravaning","description":"Reparaci\u00f3n y alquiler de caravanas, autocaravanas, motorhomes. Matar\u00f3, Barcelona, Catalu\u00f1a. Fibra de vidrio, gas, electricidad, electr\u00f3nica.","robots":{"index":"index","follow":"follow","max-snippet":"max-snippet:-1","max-image-preview":"max-image-preview:large","max-video-preview":"max-video-preview:-1"},"canonical":"https:\/\/briccaravaning.com\/es\/reparaciones\/reparacion-y-modificacion-de-interiores\/","og_locale":"es_ES","og_type":"article","og_title":"Reparaci\u00f3n y modificaci\u00f3n de interiores - Briccaravaning","og_description":"Reparaci\u00f3n y alquiler de caravanas, autocaravanas, motorhomes. Matar\u00f3, Barcelona, Catalu\u00f1a. Fibra de vidrio, gas, electricidad, electr\u00f3nica.","og_url":"https:\/\/briccaravaning.com\/es\/reparaciones\/reparacion-y-modificacion-de-interiores\/","og_site_name":"Briccaravaning","article_modified_time":"2023-11-20T10:08:33+00:00","og_image":[{"width":1024,"height":807,"url":"https:\/\/briccaravaning.com\/wp-content\/uploads\/2020\/01\/shutterstock_151441457.jpg","type":"image\/jpeg"}],"twitter_card":"summary_large_image","twitter_misc":{"Tiempo de lectura":"1 minuto"},"schema":{"@context":"https:\/\/schema.org","@graph":[{"@type":"WebPage","@id":"https:\/\/briccaravaning.com\/es\/reparaciones\/reparacion-y-modificacion-de-interiores\/","url":"https:\/\/briccaravaning.com\/es\/reparaciones\/reparacion-y-modificacion-de-interiores\/","name":"Reparaci\u00f3n y modificaci\u00f3n de interiores - Briccaravaning","isPartOf":{"@id":"https:\/\/briccaravaning.com\/#website"},"datePublished":"2021-10-06T14:26:52+00:00","dateModified":"2023-11-20T10:08:33+00:00","description":"Reparaci\u00f3n y alquiler de caravanas, autocaravanas, motorhomes. Matar\u00f3, Barcelona, Catalu\u00f1a. Fibra de vidrio, gas, electricidad, electr\u00f3nica.","breadcrumb":{"@id":"https:\/\/briccaravaning.com\/es\/reparaciones\/reparacion-y-modificacion-de-interiores\/#breadcrumb"},"inLanguage":"es","potentialAction":[{"@type":"ReadAction","target":["https:\/\/briccaravaning.com\/es\/reparaciones\/reparacion-y-modificacion-de-interiores\/"]}]},{"@type":"BreadcrumbList","@id":"https:\/\/briccaravaning.com\/es\/reparaciones\/reparacion-y-modificacion-de-interiores\/#breadcrumb","itemListElement":[{"@type":"ListItem","position":1,"name":"Home","item":"https:\/\/briccaravaning.com\/es\/"},{"@type":"ListItem","position":2,"name":"Reparaciones","item":"https:\/\/briccaravaning.com\/es\/reparaciones\/"},{"@type":"ListItem","position":3,"name":"Reparaci\u00f3n y modificaci\u00f3n de interiores"}]},{"@type":"WebSite","@id":"https:\/\/briccaravaning.com\/#website","url":"https:\/\/briccaravaning.com\/","name":"Briccaravaning","description":"Serveis de reparaci\u00f3 de caravanes, autocaravanes i motorhomes a Matar\u00f3 i Catalunya","publisher":{"@id":"https:\/\/briccaravaning.com\/#organization"},"potentialAction":[{"@type":"SearchAction","target":{"@type":"EntryPoint","urlTemplate":"https:\/\/briccaravaning.com\/?s={search_term_string}"},"query-input":"required name=search_term_string"}],"inLanguage":"es"},{"@type":"Organization","@id":"https:\/\/briccaravaning.com\/#organization","name":"Bric Caravaning","url":"https:\/\/briccaravaning.com\/","logo":{"@type":"ImageObject","inLanguage":"es","@id":"https:\/\/briccaravaning.com\/#\/schema\/logo\/image\/","url":"https:\/\/briccaravaning.com\/wp-content\/uploads\/2021\/10\/ms-icon-310x310-1.png","contentUrl":"https:\/\/briccaravaning.com\/wp-content\/uploads\/2021\/10\/ms-icon-310x310-1.png","width":310,"height":310,"caption":"Bric Caravaning"},"image":{"@id":"https:\/\/briccaravaning.com\/#\/schema\/logo\/image\/"}}]}},"_links":{"self":[{"href":"https:\/\/briccaravaning.com\/es\/wp-json\/wp\/v2\/pages\/11068"}],"collection":[{"href":"https:\/\/briccaravaning.com\/es\/wp-json\/wp\/v2\/pages"}],"about":[{"href":"https:\/\/briccaravaning.com\/es\/wp-json\/wp\/v2\/types\/page"}],"author":[{"embeddable":true,"href":"https:\/\/briccaravaning.com\/es\/wp-json\/wp\/v2\/users\/4"}],"replies":[{"embeddable":true,"href":"https:\/\/briccaravaning.com\/es\/wp-json\/wp\/v2\/comments?post=11068"}],"version-history":[{"count":0,"href":"https:\/\/briccaravaning.com\/es\/wp-json\/wp\/v2\/pages\/11068\/revisions"}],"up":[{"embeddable":true,"href":"https:\/\/briccaravaning.com\/es\/wp-json\/wp\/v2\/pages\/11064"}],"wp:featuredmedia":[{"embeddable":true,"href":"https:\/\/briccaravaning.com\/es\/wp-json\/wp\/v2\/media\/10838"}],"wp:attachment":[{"href":"https:\/\/briccaravaning.com\/es\/wp-json\/wp\/v2\/media?parent=11068"}],"curies":[{"name":"wp","href":"https:\/\/api.w.org\/{rel}","templated":true}]}}