{"id":11025,"date":"2021-09-22T17:32:22","date_gmt":"2021-09-22T15:32:22","guid":{"rendered":"https:\/\/briccaravaning.com\/assistencia-tecnica-a-campings-de-catalunya\/"},"modified":"2023-11-20T11:07:19","modified_gmt":"2023-11-20T10:07:19","slug":"assistencia-tecnica-en-campings-de-cataluna","status":"publish","type":"page","link":"https:\/\/briccaravaning.com\/es\/assistencia-tecnica-en-campings-de-cataluna\/","title":{"rendered":"Asistencia t\u00e9cnica en campings de Catalu\u00f1a"},"content":{"rendered":"<section class=\"wpb-content-wrapper\"><div class=\"vc_row wpb_row vc_row-fluid vc_row-o-content-middle vc_row-flex\"><div class=\"wpb_column vc_column_container vc_col-sm-6\"><div class=\"vc_column-inner\"><div class=\"wpb_wrapper\">\n\t<div  class=\"wpb_single_image wpb_content_element vc_align_\">\n\t\t\n\t\t<figure class=\"wpb_wrapper vc_figure\">\n\t\t\t<div class=\"vc_single_image-wrapper   vc_box_border_grey\"><img width=\"1024\" height=\"1024\" src=\"https:\/\/briccaravaning.com\/wp-content\/uploads\/2021\/10\/Reparacio1-1024x1024-1.jpg\" class=\"vc_single_image-img attachment-full\" alt=\"\" decoding=\"async\" title=\"Reparacio1-1024x1024\" loading=\"lazy\" srcset=\"https:\/\/briccaravaning.com\/wp-content\/uploads\/2021\/10\/Reparacio1-1024x1024-1.jpg 1024w, https:\/\/briccaravaning.com\/wp-content\/uploads\/2021\/10\/Reparacio1-1024x1024-1-300x300.jpg 300w, https:\/\/briccaravaning.com\/wp-content\/uploads\/2021\/10\/Reparacio1-1024x1024-1-150x150.jpg 150w, https:\/\/briccaravaning.com\/wp-content\/uploads\/2021\/10\/Reparacio1-1024x1024-1-768x768.jpg 768w\" sizes=\"(max-width: 1024px) 100vw, 1024px\" \/><\/div>\n\t\t<\/figure>\n\t<\/div>\n<\/div><\/div><\/div><div class=\"wpb_column vc_column_container vc_col-sm-6\"><div class=\"vc_column-inner\"><div class=\"wpb_wrapper\">\n\t<div class=\"wpb_text_column wpb_content_element \" >\n\t\t<div class=\"wpb_wrapper\">\n\t\t\t<h2>Asistencia <span class=\"il\">t\u00e9cnica<\/span> por todo Catalu\u00f1a<\/h2>\n<p>Montaje de avance, tarimas, reparaciones de neveras, calefacciones, mantenimientos y otros tipos de reparaciones sin necesidad de desplazar vuestra caravana,&#8230; todo tipo de reparaciones.<\/p>\n\n\t\t<\/div>\n\t<\/div>\n<div class=\"vc_empty_space\"   style=\"height: 20px\"><span class=\"vc_empty_space_inner\"><\/span><\/div><\/div><\/div><\/div><\/div><div class=\"vc_row wpb_row vc_row-fluid\"><div class=\"wpb_column vc_column_container vc_col-sm-12\"><div class=\"vc_column-inner\"><div class=\"wpb_wrapper\">\n\t<div class=\"wpb_text_column wpb_content_element \" >\n\t\t<div class=\"wpb_wrapper\">\n\t\t\t<h3 style=\"text-align: center;\">Galeria de im\u00e1genes<\/h3>\n\n\t\t<\/div>\n\t<\/div>\n<\/div><\/div><\/div><\/div><div id=\"ubicacio\" class=\"vc_row wpb_row vc_row-fluid\"><div class=\"wpb_column vc_column_container vc_col-sm-12\"><div class=\"vc_column-inner\"><div class=\"wpb_wrapper\"><div id=\"ts-vcsc-image-gallery-1868503\" class=\"ts-image-gallery-wrapper ts-kraut-lightbox-frame   \" data-style=\"grid\" data-break-parents=\"6\" data-inline=\"false\" style=\"margin-top: 0px; margin-bottom: 0px; position: relative;\"><div id=\"ts-vcsc-image-gallery-1868503-grid\" class=\"ts-lightbox-gallery-grid\"><a style=\"width: 20%; height: 100%; display: inline-block; margin: 0; padding: 0;; display: none;\" id=\"krautgroup1868503-0\" href=\"https:\/\/briccaravaning.com\/wp-content\/uploads\/2021\/10\/reparacio_autocaravanes_2.jpg\" target=\"_blank\" data-preview=\"https:\/\/briccaravaning.com\/wp-content\/uploads\/2021\/10\/reparacio_autocaravanes_2-300x300.jpg\" data-thumbnail=\"https:\/\/briccaravaning.com\/wp-content\/uploads\/2021\/10\/reparacio_autocaravanes_2-300x300.jpg\" data-include=\"true\" data-hover=\"\" data-alt=\"\" data-title=\"\" data-groups=\"\" class=\"kraut-lightbox-media no-ajaxy ts-hover-image krautgroup1868503 nofancybox\" rel=\"krautgroup1868503\" data-effect=\"random\" data-nohashes=\"true\" data-usecors=\"global\" data-save=\"0\" data-share=\"0\" data-no-lazy=\"1\">#1<\/a><a style=\"width: 20%; height: 100%; display: inline-block; margin: 0; padding: 0;; display: none;\" id=\"krautgroup1868503-1\" href=\"https:\/\/briccaravaning.com\/wp-content\/uploads\/2021\/10\/Reparacio1-1024x1024-1.jpg\" target=\"_blank\" data-preview=\"https:\/\/briccaravaning.com\/wp-content\/uploads\/2021\/10\/Reparacio1-1024x1024-1-300x300.jpg\" data-thumbnail=\"https:\/\/briccaravaning.com\/wp-content\/uploads\/2021\/10\/Reparacio1-1024x1024-1-300x300.jpg\" data-include=\"true\" data-hover=\"\" data-alt=\"\" data-title=\"\" data-groups=\"\" class=\"kraut-lightbox-media no-ajaxy ts-hover-image krautgroup1868503 nofancybox\" rel=\"krautgroup1868503\" data-effect=\"random\" data-nohashes=\"true\" data-usecors=\"global\" data-save=\"0\" data-share=\"0\" data-no-lazy=\"1\">#2<\/a><a style=\"width: 20%; height: 100%; display: inline-block; margin: 0; padding: 0;; display: none;\" id=\"krautgroup1868503-2\" href=\"https:\/\/briccaravaning.com\/wp-content\/uploads\/2021\/10\/reparacion_autocaravanas.jpg\" target=\"_blank\" data-preview=\"https:\/\/briccaravaning.com\/wp-content\/uploads\/2021\/10\/reparacion_autocaravanas-300x224.jpg\" data-thumbnail=\"https:\/\/briccaravaning.com\/wp-content\/uploads\/2021\/10\/reparacion_autocaravanas-300x224.jpg\" data-include=\"true\" data-hover=\"\" data-alt=\"\" data-title=\"\" data-groups=\"\" class=\"kraut-lightbox-media no-ajaxy ts-hover-image krautgroup1868503 nofancybox\" rel=\"krautgroup1868503\" data-effect=\"random\" data-nohashes=\"true\" data-usecors=\"global\" data-save=\"0\" data-share=\"0\" data-no-lazy=\"1\">#3<\/a><a style=\"width: 20%; height: 100%; display: inline-block; margin: 0; padding: 0;; display: none;\" id=\"krautgroup1868503-3\" href=\"https:\/\/briccaravaning.com\/wp-content\/uploads\/2021\/10\/InShot_20210609_184349067.jpg\" target=\"_blank\" data-preview=\"https:\/\/briccaravaning.com\/wp-content\/uploads\/2021\/10\/InShot_20210609_184349067-300x300.jpg\" data-thumbnail=\"https:\/\/briccaravaning.com\/wp-content\/uploads\/2021\/10\/InShot_20210609_184349067-300x300.jpg\" data-include=\"true\" data-hover=\"\" data-alt=\"\" data-title=\"\" data-groups=\"\" class=\"kraut-lightbox-media no-ajaxy ts-hover-image krautgroup1868503 nofancybox\" rel=\"krautgroup1868503\" data-effect=\"random\" data-nohashes=\"true\" data-usecors=\"global\" data-save=\"0\" data-share=\"0\" data-no-lazy=\"1\">#4<\/a><a style=\"width: 20%; height: 100%; display: inline-block; margin: 0; padding: 0;; display: none;\" id=\"krautgroup1868503-4\" href=\"https:\/\/briccaravaning.com\/wp-content\/uploads\/2021\/10\/IMG20210608111644-scaled.jpg\" target=\"_blank\" data-preview=\"https:\/\/briccaravaning.com\/wp-content\/uploads\/2021\/10\/IMG20210608111644-300x225.jpg\" data-thumbnail=\"https:\/\/briccaravaning.com\/wp-content\/uploads\/2021\/10\/IMG20210608111644-300x225.jpg\" data-include=\"true\" data-hover=\"\" data-alt=\"\" data-title=\"\" data-groups=\"\" class=\"kraut-lightbox-media no-ajaxy ts-hover-image krautgroup1868503 nofancybox\" rel=\"krautgroup1868503\" data-effect=\"random\" data-nohashes=\"true\" data-usecors=\"global\" data-save=\"0\" data-share=\"0\" data-no-lazy=\"1\">#5<\/a><a style=\"width: 20%; height: 100%; display: inline-block; margin: 0; padding: 0;; display: none;\" id=\"krautgroup1868503-5\" href=\"https:\/\/briccaravaning.com\/wp-content\/uploads\/2021\/10\/IMG-20211013-WA0006.jpg\" target=\"_blank\" data-preview=\"https:\/\/briccaravaning.com\/wp-content\/uploads\/2021\/10\/IMG-20211013-WA0006-135x300.jpg\" data-thumbnail=\"https:\/\/briccaravaning.com\/wp-content\/uploads\/2021\/10\/IMG-20211013-WA0006-135x300.jpg\" data-include=\"true\" data-hover=\"\" data-alt=\"\" data-title=\"\" data-groups=\"\" class=\"kraut-lightbox-media no-ajaxy ts-hover-image krautgroup1868503 nofancybox\" rel=\"krautgroup1868503\" data-effect=\"random\" data-nohashes=\"true\" data-usecors=\"global\" data-save=\"0\" data-share=\"0\" data-no-lazy=\"1\">#6<\/a><a style=\"width: 20%; height: 100%; display: inline-block; margin: 0; padding: 0;; display: none;\" id=\"krautgroup1868503-6\" href=\"https:\/\/briccaravaning.com\/wp-content\/uploads\/2021\/10\/IMG-20191121-WA0001-scaled.jpeg\" target=\"_blank\" data-preview=\"https:\/\/briccaravaning.com\/wp-content\/uploads\/2021\/10\/IMG-20191121-WA0001-300x169.jpeg\" data-thumbnail=\"https:\/\/briccaravaning.com\/wp-content\/uploads\/2021\/10\/IMG-20191121-WA0001-300x169.jpeg\" data-include=\"true\" data-hover=\"\" data-alt=\"\" data-title=\"\" data-groups=\"\" class=\"kraut-lightbox-media no-ajaxy ts-hover-image krautgroup1868503 nofancybox\" rel=\"krautgroup1868503\" data-effect=\"random\" data-nohashes=\"true\" data-usecors=\"global\" data-save=\"0\" data-share=\"0\" data-no-lazy=\"1\">#7<\/a><a style=\"width: 20%; height: 100%; display: inline-block; margin: 0; padding: 0;; display: none;\" id=\"krautgroup1868503-7\" href=\"https:\/\/briccaravaning.com\/wp-content\/uploads\/2021\/10\/IMG_20191011_152155_534-scaled.jpg\" target=\"_blank\" data-preview=\"https:\/\/briccaravaning.com\/wp-content\/uploads\/2021\/10\/IMG_20191011_152155_534-300x224.jpg\" data-thumbnail=\"https:\/\/briccaravaning.com\/wp-content\/uploads\/2021\/10\/IMG_20191011_152155_534-300x224.jpg\" data-random=\"1868503\" data-include=\"true\" data-hover=\"\" data-alt=\"\" data-title=\"\" data-groups=\"\" class=\"kraut-lightbox-media no-ajaxy ts-hover-image krautgroup1868503 nofancybox\" rel=\"krautgroup1868503\" data-effect=\"random\" data-usecors=\"global\" data-save=\"0\" data-share=\"0\" data-play=\"1\" data-autoplay=\"0\" data-duration=\"5000\" data-thumbsize=\"100\" data-thumbs=\"bottom\"  data-nohashes=\"true\" data-captions=\"true\" data-grid=\"240,480,720,960\" data-gridpreloader=\"false\" data-gridspace=\"2\" data-gridorder=\"false\" data-gridfilter=\"true\" data-gridavailable=\"Available Groups\" data-gridselected=\"Filtered Groups\" data-gridnogroups=\"No Groups\" data-gridtoggle=\"Toggle Filter\" data-gridtogglestyle=\"ts-color-button-belize-hole-flat\" data-gridshowall=\"Show All\" data-gridshowallstyle=\"ts-color-button-green-sea-flat\" data-no-lazy=\"1\">#8<\/a><\/div><\/div><\/div><\/div><\/div><\/div>\n<\/section>","protected":false},"excerpt":{"rendered":"Asistencia t\u00e9cnica por todo Catalu\u00f1a Montaje de avance, tarimas, reparaciones de neveras, calefacciones, mantenimientos y otros tipos de reparaciones sin necesidad de desplazar vuestra caravana,... todo tipo de reparaciones. Galeria de im\u00e1genes #1#2#3#4#5#6#7#8","protected":false},"author":3,"featured_media":10838,"parent":0,"menu_order":0,"comment_status":"closed","ping_status":"closed","template":"","meta":{"footnotes":"","_joinchat":[]},"yoast_head":"<!-- This site is optimized with the Yoast SEO plugin v21.4 - https:\/\/yoast.com\/wordpress\/plugins\/seo\/ -->\n<title>Asistencia t\u00e9cnica en campings de Catalu\u00f1a - Briccaravaning - Lloguer Motorhomes<\/title>\n<meta name=\"description\" content=\"Asistencia t\u00e9cnica en campings de Catalu\u00f1a y reparaci\u00f3n de caravanas, autocaravanas, motorhommes. Matar\u00f3, Barcelona, Catalu\u00f1a.\" \/>\n<meta name=\"robots\" content=\"index, follow, max-snippet:-1, max-image-preview:large, max-video-preview:-1\" \/>\n<link rel=\"canonical\" href=\"https:\/\/briccaravaning.com\/es\/assistencia-tecnica-en-campings-de-cataluna\/\" \/>\n<meta property=\"og:locale\" content=\"es_ES\" \/>\n<meta property=\"og:type\" content=\"article\" \/>\n<meta property=\"og:title\" content=\"Asistencia t\u00e9cnica en campings de Catalu\u00f1a - Briccaravaning - Lloguer Motorhomes\" \/>\n<meta property=\"og:description\" content=\"Asistencia t\u00e9cnica en campings de Catalu\u00f1a y reparaci\u00f3n de caravanas, autocaravanas, motorhommes. Matar\u00f3, Barcelona, Catalu\u00f1a.\" \/>\n<meta property=\"og:url\" content=\"https:\/\/briccaravaning.com\/es\/assistencia-tecnica-en-campings-de-cataluna\/\" \/>\n<meta property=\"og:site_name\" content=\"Briccaravaning\" \/>\n<meta property=\"article:modified_time\" content=\"2023-11-20T10:07:19+00:00\" \/>\n<meta property=\"og:image\" content=\"https:\/\/briccaravaning.com\/wp-content\/uploads\/2020\/01\/shutterstock_151441457.jpg\" \/>\n\t<meta property=\"og:image:width\" content=\"1024\" \/>\n\t<meta property=\"og:image:height\" content=\"807\" \/>\n\t<meta property=\"og:image:type\" content=\"image\/jpeg\" \/>\n<meta name=\"twitter:card\" content=\"summary_large_image\" \/>\n<meta name=\"twitter:label1\" content=\"Tiempo de lectura\" \/>\n\t<meta name=\"twitter:data1\" content=\"1 minuto\" \/>\n<script type=\"application\/ld+json\" class=\"yoast-schema-graph\">{\"@context\":\"https:\/\/schema.org\",\"@graph\":[{\"@type\":\"WebPage\",\"@id\":\"https:\/\/briccaravaning.com\/es\/assistencia-tecnica-en-campings-de-cataluna\/\",\"url\":\"https:\/\/briccaravaning.com\/es\/assistencia-tecnica-en-campings-de-cataluna\/\",\"name\":\"Asistencia t\u00e9cnica en campings de Catalu\u00f1a - Briccaravaning - Lloguer Motorhomes\",\"isPartOf\":{\"@id\":\"https:\/\/briccaravaning.com\/#website\"},\"datePublished\":\"2021-09-22T15:32:22+00:00\",\"dateModified\":\"2023-11-20T10:07:19+00:00\",\"description\":\"Asistencia t\u00e9cnica en campings de Catalu\u00f1a y reparaci\u00f3n de caravanas, autocaravanas, motorhommes. Matar\u00f3, Barcelona, Catalu\u00f1a.\",\"breadcrumb\":{\"@id\":\"https:\/\/briccaravaning.com\/es\/assistencia-tecnica-en-campings-de-cataluna\/#breadcrumb\"},\"inLanguage\":\"es\",\"potentialAction\":[{\"@type\":\"ReadAction\",\"target\":[\"https:\/\/briccaravaning.com\/es\/assistencia-tecnica-en-campings-de-cataluna\/\"]}]},{\"@type\":\"BreadcrumbList\",\"@id\":\"https:\/\/briccaravaning.com\/es\/assistencia-tecnica-en-campings-de-cataluna\/#breadcrumb\",\"itemListElement\":[{\"@type\":\"ListItem\",\"position\":1,\"name\":\"Home\",\"item\":\"https:\/\/briccaravaning.com\/es\/\"},{\"@type\":\"ListItem\",\"position\":2,\"name\":\"Asistencia t\u00e9cnica en campings de Catalu\u00f1a\"}]},{\"@type\":\"WebSite\",\"@id\":\"https:\/\/briccaravaning.com\/#website\",\"url\":\"https:\/\/briccaravaning.com\/\",\"name\":\"Briccaravaning\",\"description\":\"Serveis de reparaci\u00f3 de caravanes, autocaravanes i motorhomes a Matar\u00f3 i Catalunya\",\"publisher\":{\"@id\":\"https:\/\/briccaravaning.com\/#organization\"},\"potentialAction\":[{\"@type\":\"SearchAction\",\"target\":{\"@type\":\"EntryPoint\",\"urlTemplate\":\"https:\/\/briccaravaning.com\/?s={search_term_string}\"},\"query-input\":\"required name=search_term_string\"}],\"inLanguage\":\"es\"},{\"@type\":\"Organization\",\"@id\":\"https:\/\/briccaravaning.com\/#organization\",\"name\":\"Bric Caravaning\",\"url\":\"https:\/\/briccaravaning.com\/\",\"logo\":{\"@type\":\"ImageObject\",\"inLanguage\":\"es\",\"@id\":\"https:\/\/briccaravaning.com\/#\/schema\/logo\/image\/\",\"url\":\"https:\/\/briccaravaning.com\/wp-content\/uploads\/2021\/10\/ms-icon-310x310-1.png\",\"contentUrl\":\"https:\/\/briccaravaning.com\/wp-content\/uploads\/2021\/10\/ms-icon-310x310-1.png\",\"width\":310,\"height\":310,\"caption\":\"Bric Caravaning\"},\"image\":{\"@id\":\"https:\/\/briccaravaning.com\/#\/schema\/logo\/image\/\"}}]}<\/script>\n<!-- \/ Yoast SEO plugin. -->","yoast_head_json":{"title":"Asistencia t\u00e9cnica en campings de Catalu\u00f1a - Briccaravaning - Lloguer Motorhomes","description":"Asistencia t\u00e9cnica en campings de Catalu\u00f1a y reparaci\u00f3n de caravanas, autocaravanas, motorhommes. Matar\u00f3, Barcelona, Catalu\u00f1a.","robots":{"index":"index","follow":"follow","max-snippet":"max-snippet:-1","max-image-preview":"max-image-preview:large","max-video-preview":"max-video-preview:-1"},"canonical":"https:\/\/briccaravaning.com\/es\/assistencia-tecnica-en-campings-de-cataluna\/","og_locale":"es_ES","og_type":"article","og_title":"Asistencia t\u00e9cnica en campings de Catalu\u00f1a - Briccaravaning - Lloguer Motorhomes","og_description":"Asistencia t\u00e9cnica en campings de Catalu\u00f1a y reparaci\u00f3n de caravanas, autocaravanas, motorhommes. Matar\u00f3, Barcelona, Catalu\u00f1a.","og_url":"https:\/\/briccaravaning.com\/es\/assistencia-tecnica-en-campings-de-cataluna\/","og_site_name":"Briccaravaning","article_modified_time":"2023-11-20T10:07:19+00:00","og_image":[{"width":1024,"height":807,"url":"https:\/\/briccaravaning.com\/wp-content\/uploads\/2020\/01\/shutterstock_151441457.jpg","type":"image\/jpeg"}],"twitter_card":"summary_large_image","twitter_misc":{"Tiempo de lectura":"1 minuto"},"schema":{"@context":"https:\/\/schema.org","@graph":[{"@type":"WebPage","@id":"https:\/\/briccaravaning.com\/es\/assistencia-tecnica-en-campings-de-cataluna\/","url":"https:\/\/briccaravaning.com\/es\/assistencia-tecnica-en-campings-de-cataluna\/","name":"Asistencia t\u00e9cnica en campings de Catalu\u00f1a - Briccaravaning - Lloguer Motorhomes","isPartOf":{"@id":"https:\/\/briccaravaning.com\/#website"},"datePublished":"2021-09-22T15:32:22+00:00","dateModified":"2023-11-20T10:07:19+00:00","description":"Asistencia t\u00e9cnica en campings de Catalu\u00f1a y reparaci\u00f3n de caravanas, autocaravanas, motorhommes. Matar\u00f3, Barcelona, Catalu\u00f1a.","breadcrumb":{"@id":"https:\/\/briccaravaning.com\/es\/assistencia-tecnica-en-campings-de-cataluna\/#breadcrumb"},"inLanguage":"es","potentialAction":[{"@type":"ReadAction","target":["https:\/\/briccaravaning.com\/es\/assistencia-tecnica-en-campings-de-cataluna\/"]}]},{"@type":"BreadcrumbList","@id":"https:\/\/briccaravaning.com\/es\/assistencia-tecnica-en-campings-de-cataluna\/#breadcrumb","itemListElement":[{"@type":"ListItem","position":1,"name":"Home","item":"https:\/\/briccaravaning.com\/es\/"},{"@type":"ListItem","position":2,"name":"Asistencia t\u00e9cnica en campings de Catalu\u00f1a"}]},{"@type":"WebSite","@id":"https:\/\/briccaravaning.com\/#website","url":"https:\/\/briccaravaning.com\/","name":"Briccaravaning","description":"Serveis de reparaci\u00f3 de caravanes, autocaravanes i motorhomes a Matar\u00f3 i Catalunya","publisher":{"@id":"https:\/\/briccaravaning.com\/#organization"},"potentialAction":[{"@type":"SearchAction","target":{"@type":"EntryPoint","urlTemplate":"https:\/\/briccaravaning.com\/?s={search_term_string}"},"query-input":"required name=search_term_string"}],"inLanguage":"es"},{"@type":"Organization","@id":"https:\/\/briccaravaning.com\/#organization","name":"Bric Caravaning","url":"https:\/\/briccaravaning.com\/","logo":{"@type":"ImageObject","inLanguage":"es","@id":"https:\/\/briccaravaning.com\/#\/schema\/logo\/image\/","url":"https:\/\/briccaravaning.com\/wp-content\/uploads\/2021\/10\/ms-icon-310x310-1.png","contentUrl":"https:\/\/briccaravaning.com\/wp-content\/uploads\/2021\/10\/ms-icon-310x310-1.png","width":310,"height":310,"caption":"Bric Caravaning"},"image":{"@id":"https:\/\/briccaravaning.com\/#\/schema\/logo\/image\/"}}]}},"_links":{"self":[{"href":"https:\/\/briccaravaning.com\/es\/wp-json\/wp\/v2\/pages\/11025"}],"collection":[{"href":"https:\/\/briccaravaning.com\/es\/wp-json\/wp\/v2\/pages"}],"about":[{"href":"https:\/\/briccaravaning.com\/es\/wp-json\/wp\/v2\/types\/page"}],"author":[{"embeddable":true,"href":"https:\/\/briccaravaning.com\/es\/wp-json\/wp\/v2\/users\/3"}],"replies":[{"embeddable":true,"href":"https:\/\/briccaravaning.com\/es\/wp-json\/wp\/v2\/comments?post=11025"}],"version-history":[{"count":0,"href":"https:\/\/briccaravaning.com\/es\/wp-json\/wp\/v2\/pages\/11025\/revisions"}],"wp:featuredmedia":[{"embeddable":true,"href":"https:\/\/briccaravaning.com\/es\/wp-json\/wp\/v2\/media\/10838"}],"wp:attachment":[{"href":"https:\/\/briccaravaning.com\/es\/wp-json\/wp\/v2\/media?parent=11025"}],"curies":[{"name":"wp","href":"https:\/\/api.w.org\/{rel}","templated":true}]}}